{"id":849,"date":"2022-11-10T06:49:18","date_gmt":"2022-11-10T06:49:18","guid":{"rendered":"https:\/\/teste.democliente.website\/?page_id=849"},"modified":"2022-12-08T08:42:15","modified_gmt":"2022-12-08T08:42:15","slug":"glamousart-2","status":"publish","type":"page","link":"https:\/\/glamousart.com\/index.php\/glamousart-2\/","title":{"rendered":"Glamousart"},"content":{"rendered":"\t\t<div data-elementor-type=\"wp-page\" data-elementor-id=\"849\" class=\"elementor elementor-849\">\n\t\t\t\t\t\t<section class=\"elementor-section elementor-top-section elementor-element elementor-element-d8d5da8 elementor-section-boxed elementor-section-height-default elementor-section-height-default\" data-id=\"d8d5da8\" data-element_type=\"section\" data-e-type=\"section\">\n\t\t\t\t\t\t<div class=\"elementor-container elementor-column-gap-no\">\n\t\t\t\t\t<div class=\"elementor-column elementor-col-100 elementor-top-column elementor-element elementor-element-5d02d36\" data-id=\"5d02d36\" data-element_type=\"column\" data-e-type=\"column\">\n\t\t\t<div class=\"elementor-widget-wrap elementor-element-populated\">\n\t\t\t\t\t\t<div class=\"elementor-element elementor-element-c797f68 elementor-widget elementor-widget-heading\" data-id=\"c797f68\" data-element_type=\"widget\" data-e-type=\"widget\" data-widget_type=\"heading.default\">\n\t\t\t\t<div class=\"elementor-widget-container\">\n\t\t\t\t\t<h1 class=\"elementor-heading-title elementor-size-default\">Glamousart<\/h1>\t\t\t\t<\/div>\n\t\t\t\t<\/div>\n\t\t\t\t<div class=\"elementor-element elementor-element-61a49e9 elementor-widget elementor-widget-text-editor\" data-id=\"61a49e9\" data-element_type=\"widget\" data-e-type=\"widget\" data-widget_type=\"text-editor.default\">\n\t\t\t\t<div class=\"elementor-widget-container\">\n\t\t\t\t\t\t\t\t\t<p>Ap\u00f3s um longo processo de consolida\u00e7\u00e3o sobre a cria\u00e7\u00e3o, o desenvolvimento e a valoriza\u00e7\u00e3o da arte, sobretudo as artes pl\u00e1sticas no contexto mo\u00e7ambicano, \u00e9 fundada a Glamousart em 2022 em Mo\u00e7ambique. Importa referir que esta empresa e marca \u00e9 representada por uma equipe multidisciplinar e empreendedora que tem se dedicado amplamente para o desenvolvimento e destaque da arte e cultura nacional e internacional. <br \/>As artes pl\u00e1sticas possuem um desenvolvimento significativo ao longo dos anos, e hoje pode-se afirmar que elas n\u00e3o se limitam apenas \u00e0 pintura. Al\u00e9m do aspecto est\u00e9tico e conceitual, as artes contribuem de alguma forma no desenvolvimento motor, intelectual, social, criativo, emocional e cognitivo para todas as pessoas. Portanto, \u00e9 nesta \u00f3ptica que a Glamousart surge para contribuir no consumo e valoriza\u00e7\u00e3o da arte.<\/p><p>\u00a0<\/p>\t\t\t\t\t\t\t\t<\/div>\n\t\t\t\t<\/div>\n\t\t\t\t<div class=\"elementor-element elementor-element-cfefd88 elementor-widget elementor-widget-heading\" data-id=\"cfefd88\" data-element_type=\"widget\" data-e-type=\"widget\" data-widget_type=\"heading.default\">\n\t\t\t\t<div class=\"elementor-widget-container\">\n\t\t\t\t\t<h2 class=\"elementor-heading-title elementor-size-default\">Sobre:<\/h2>\t\t\t\t<\/div>\n\t\t\t\t<\/div>\n\t\t\t\t<div class=\"elementor-element elementor-element-de0e733 elementor-widget elementor-widget-text-editor\" data-id=\"de0e733\" data-element_type=\"widget\" data-e-type=\"widget\" data-widget_type=\"text-editor.default\">\n\t\t\t\t<div class=\"elementor-widget-container\">\n\t\t\t\t\t\t\t\t\t<h3 class=\"elementor-image-box-title elementor-inline-editing pen\" style=\"font-style: normal; margin-bottom: 4px; outline-style: initial; outline-width: 0px;\" data-elementor-setting-key=\"title_text\" data-elementor-inline-editing-toolbar=\"none\" data-pen-placeholder=\"Digite aqui...\">\u00a0<\/h3><p>Glamousart \u00e9 uma marca mo\u00e7ambicana fundada em 2022, que visa produzir e promover a arte, tendo como principal foco as artes pl\u00e1sticas.\u200b<\/p>\t\t\t\t\t\t\t\t<\/div>\n\t\t\t\t<\/div>\n\t\t\t\t<div class=\"elementor-element elementor-element-a5d2985 elementor-widget elementor-widget-heading\" data-id=\"a5d2985\" data-element_type=\"widget\" data-e-type=\"widget\" data-widget_type=\"heading.default\">\n\t\t\t\t<div class=\"elementor-widget-container\">\n\t\t\t\t\t<h2 class=\"elementor-heading-title elementor-size-default\">Miss\u00e3o\u200b:<\/h2>\t\t\t\t<\/div>\n\t\t\t\t<\/div>\n\t\t\t\t<div class=\"elementor-element elementor-element-c4d718e elementor-widget elementor-widget-text-editor\" data-id=\"c4d718e\" data-element_type=\"widget\" data-e-type=\"widget\" data-widget_type=\"text-editor.default\">\n\t\t\t\t<div class=\"elementor-widget-container\">\n\t\t\t\t\t\t\t\t\t<h3 class=\"elementor-image-box-title elementor-inline-editing pen\" contenteditable=\"true\" data-elementor-setting-key=\"title_text\" data-elementor-inline-editing-toolbar=\"none\" data-pen-placeholder=\"Digite aqui...\">\u00a0<\/h3><p>Produzir e vender obras de arte, buscando inova\u00e7\u00e3o e proporcionando conforto para toda divesidade de clientes.\u200b\u200b<\/p>\t\t\t\t\t\t\t\t<\/div>\n\t\t\t\t<\/div>\n\t\t\t\t<div class=\"elementor-element elementor-element-befdcda elementor-widget elementor-widget-heading\" data-id=\"befdcda\" data-element_type=\"widget\" data-e-type=\"widget\" data-widget_type=\"heading.default\">\n\t\t\t\t<div class=\"elementor-widget-container\">\n\t\t\t\t\t<h2 class=\"elementor-heading-title elementor-size-default\">Vis\u00e3o:<\/h2>\t\t\t\t<\/div>\n\t\t\t\t<\/div>\n\t\t\t\t<div class=\"elementor-element elementor-element-7d489dd elementor-widget elementor-widget-text-editor\" data-id=\"7d489dd\" data-element_type=\"widget\" data-e-type=\"widget\" data-widget_type=\"text-editor.default\">\n\t\t\t\t<div class=\"elementor-widget-container\">\n\t\t\t\t\t\t\t\t\t<h3 class=\"elementor-image-box-title elementor-inline-editing pen\" contenteditable=\"true\" data-elementor-setting-key=\"title_text\" data-elementor-inline-editing-toolbar=\"none\" data-pen-placeholder=\"Digite aqui...\">\u00a0<\/h3><p>Disponibilizar obras de arte de qualidade e glamour dentro de um conceito inclusivo onde todas pessoas possam apreciar a arte.<\/p>\t\t\t\t\t\t\t\t<\/div>\n\t\t\t\t<\/div>\n\t\t\t\t<div class=\"elementor-element elementor-element-5b5d1cd elementor-widget elementor-widget-heading\" data-id=\"5b5d1cd\" data-element_type=\"widget\" data-e-type=\"widget\" data-widget_type=\"heading.default\">\n\t\t\t\t<div class=\"elementor-widget-container\">\n\t\t\t\t\t<h2 class=\"elementor-heading-title elementor-size-default\">Valores:<\/h2>\t\t\t\t<\/div>\n\t\t\t\t<\/div>\n\t\t\t\t<div class=\"elementor-element elementor-element-7db4c5d elementor-widget elementor-widget-text-editor\" data-id=\"7db4c5d\" data-element_type=\"widget\" data-e-type=\"widget\" data-widget_type=\"text-editor.default\">\n\t\t\t\t<div class=\"elementor-widget-container\">\n\t\t\t\t\t\t\t\t\t<h3 class=\"elementor-image-box-title elementor-inline-editing pen\" contenteditable=\"true\" data-elementor-setting-key=\"title_text\" data-elementor-inline-editing-toolbar=\"none\" data-pen-placeholder=\"Digite aqui...\">\u00a0<\/h3><ul><li>Glamour<\/li><li>Ousadia<\/li><li>Inova\u00e7\u00e3o<\/li><li>Qualidade<\/li><li>Identidade<\/li><li>Excel\u00eancia<\/li><li>Confian\u00e7a e respeito pela diversidade<\/li><li>Responsabilidade social e ambiental<\/li><\/ul>\t\t\t\t\t\t\t\t<\/div>\n\t\t\t\t<\/div>\n\t\t\t\t\t<\/div>\n\t\t<\/div>\n\t\t\t\t\t<\/div>\n\t\t<\/section>\n\t\t\t\t<\/div>\n\t\t","protected":false},"excerpt":{"rendered":"<p>Glamousart Ap\u00f3s um longo processo de consolida\u00e7\u00e3o sobre a cria\u00e7\u00e3o, o desenvolvimento e a valoriza\u00e7\u00e3o da arte, sobretudo as artes pl\u00e1sticas no contexto mo\u00e7ambicano, \u00e9 fundada a Glamousart em 2022 em Mo\u00e7ambique. Importa referir que esta empresa e marca \u00e9 representada por uma equipe multidisciplinar e empreendedora que tem se dedicado amplamente para o desenvolvimento [&hellip;]<\/p>\n","protected":false},"author":1,"featured_media":0,"parent":0,"menu_order":0,"comment_status":"closed","ping_status":"closed","template":"","meta":{"_uag_custom_page_level_css":"","site-sidebar-layout":"no-sidebar","site-content-layout":"page-builder","ast-site-content-layout":"default","site-content-style":"default","site-sidebar-style":"default","ast-global-header-display":"","ast-banner-title-visibility":"","ast-main-header-display":"","ast-hfb-above-header-display":"","ast-hfb-below-header-display":"","ast-hfb-mobile-header-display":"","site-post-title":"disabled","ast-breadcrumbs-content":"disabled","ast-featured-img":"disabled","footer-sml-layout":"","ast-disable-related-posts":"","theme-transparent-header-meta":"enabled","adv-header-id-meta":"","stick-header-meta":"","header-above-stick-meta":"","header-main-stick-meta":"","header-below-stick-meta":"","astra-migrate-meta-layouts":"default","ast-page-background-enabled":"default","ast-page-background-meta":{"desktop":{"background-color":"","background-image":"","background-repeat":"repeat","background-position":"center center","background-size":"auto","background-attachment":"scroll","background-type":"","background-media":"","overlay-type":"","overlay-color":"","overlay-opacity":"","overlay-gradient":""},"tablet":{"background-color":"","background-image":"","background-repeat":"repeat","background-position":"center center","background-size":"auto","background-attachment":"scroll","background-type":"","background-media":"","overlay-type":"","overlay-color":"","overlay-opacity":"","overlay-gradient":""},"mobile":{"background-color":"","background-image":"","background-repeat":"repeat","background-position":"center center","background-size":"auto","background-attachment":"scroll","background-type":"","background-media":"","overlay-type":"","overlay-color":"","overlay-opacity":"","overlay-gradient":""}},"ast-content-background-meta":{"desktop":{"background-color":"var(--ast-global-color-5)","background-image":"","background-repeat":"repeat","background-position":"center center","background-size":"auto","background-attachment":"scroll","background-type":"","background-media":"","overlay-type":"","overlay-color":"","overlay-opacity":"","overlay-gradient":""},"tablet":{"background-color":"var(--ast-global-color-5)","background-image":"","background-repeat":"repeat","background-position":"center center","background-size":"auto","background-attachment":"scroll","background-type":"","background-media":"","overlay-type":"","overlay-color":"","overlay-opacity":"","overlay-gradient":""},"mobile":{"background-color":"var(--ast-global-color-5)","background-image":"","background-repeat":"repeat","background-position":"center center","background-size":"auto","background-attachment":"scroll","background-type":"","background-media":"","overlay-type":"","overlay-color":"","overlay-opacity":"","overlay-gradient":""}},"footnotes":""},"class_list":["post-849","page","type-page","status-publish","hentry"],"uagb_featured_image_src":{"full":false,"thumbnail":false,"medium":false,"medium_large":false,"large":false,"1536x1536":false,"2048x2048":false},"uagb_author_info":{"display_name":"andarusse","author_link":"https:\/\/glamousart.com\/index.php\/author\/andarusse\/"},"uagb_comment_info":0,"uagb_excerpt":"Glamousart Ap\u00f3s um longo processo de consolida\u00e7\u00e3o sobre a cria\u00e7\u00e3o, o desenvolvimento e a valoriza\u00e7\u00e3o da arte, sobretudo as artes pl\u00e1sticas no contexto mo\u00e7ambicano, \u00e9 fundada a Glamousart em 2022 em Mo\u00e7ambique. Importa referir que esta empresa e marca \u00e9 representada por uma equipe multidisciplinar e empreendedora que tem se dedicado amplamente para o desenvolvimento&hellip;","_links":{"self":[{"href":"https:\/\/glamousart.com\/index.php\/wp-json\/wp\/v2\/pages\/849"}],"collection":[{"href":"https:\/\/glamousart.com\/index.php\/wp-json\/wp\/v2\/pages"}],"about":[{"href":"https:\/\/glamousart.com\/index.php\/wp-json\/wp\/v2\/types\/page"}],"author":[{"embeddable":true,"href":"https:\/\/glamousart.com\/index.php\/wp-json\/wp\/v2\/users\/1"}],"replies":[{"embeddable":true,"href":"https:\/\/glamousart.com\/index.php\/wp-json\/wp\/v2\/comments?post=849"}],"version-history":[{"count":58,"href":"https:\/\/glamousart.com\/index.php\/wp-json\/wp\/v2\/pages\/849\/revisions"}],"predecessor-version":[{"id":1117,"href":"https:\/\/glamousart.com\/index.php\/wp-json\/wp\/v2\/pages\/849\/revisions\/1117"}],"wp:attachment":[{"href":"https:\/\/glamousart.com\/index.php\/wp-json\/wp\/v2\/media?parent=849"}],"curies":[{"name":"wp","href":"https:\/\/api.w.org\/{rel}","templated":true}]}}